{"id":957,"date":"2025-07-25T08:25:50","date_gmt":"2025-07-25T08:25:50","guid":{"rendered":"https:\/\/leclosdeselfes34.com\/?page_id=957"},"modified":"2025-09-05T19:44:55","modified_gmt":"2025-09-05T19:44:55","slug":"nous-trouver","status":"publish","type":"page","link":"https:\/\/leclosdeselfes34.com\/fr\/nous-trouver\/","title":{"rendered":"O\u00f9 nous trouver"},"content":{"rendered":"\t\t<div data-elementor-type=\"wp-page\" data-elementor-id=\"957\" class=\"elementor elementor-957\">\n\t\t\t\t<div class=\"elementor-element elementor-element-ced4da7 e-flex e-con-boxed e-con e-parent\" data-id=\"ced4da7\" data-element_type=\"container\" data-e-type=\"container\" data-settings=\"{&quot;background_background&quot;:&quot;gradient&quot;,&quot;animation&quot;:&quot;none&quot;}\">\n\t\t\t\t\t<div class=\"e-con-inner\">\n\t\t\t\t<div class=\"elementor-element elementor-element-8b6b1e2 elementor-widget elementor-widget-spacer\" data-id=\"8b6b1e2\" data-element_type=\"widget\" data-e-type=\"widget\" data-widget_type=\"spacer.default\">\n\t\t\t\t\t\t\t<div class=\"elementor-spacer\">\n\t\t\t<div class=\"elementor-spacer-inner\"><\/div>\n\t\t<\/div>\n\t\t\t\t\t\t<\/div>\n\t\t\t\t<div class=\"elementor-element elementor-element-ed3f051 elementor-invisible elementor-widget elementor-widget-heading\" data-id=\"ed3f051\" data-element_type=\"widget\" data-e-type=\"widget\" data-settings=\"{&quot;_animation&quot;:&quot;fadeInDown&quot;}\" data-widget_type=\"heading.default\">\n\t\t\t\t\t<h1 class=\"elementor-heading-title elementor-size-default\">O\u00f9 nous trouver \u2013 Le Clos des Elfes<\/h1>\t\t\t\t<\/div>\n\t\t\t\t<div class=\"elementor-element elementor-element-a14105f elementor-widget elementor-widget-spacer\" data-id=\"a14105f\" data-element_type=\"widget\" data-e-type=\"widget\" data-widget_type=\"spacer.default\">\n\t\t\t\t\t\t\t<div class=\"elementor-spacer\">\n\t\t\t<div class=\"elementor-spacer-inner\"><\/div>\n\t\t<\/div>\n\t\t\t\t\t\t<\/div>\n\t\t\t\t<div class=\"elementor-element elementor-element-4715a1b elementor-widget__width-inherit elementor-invisible elementor-widget elementor-widget-text-editor\" data-id=\"4715a1b\" data-element_type=\"widget\" data-e-type=\"widget\" data-settings=\"{&quot;_animation&quot;:&quot;fadeInLeft&quot;}\" data-widget_type=\"text-editor.default\">\n\t\t\t\t\t\t\t\t\t<h4>\ud83c\udf0d Adresse exacte<\/h4>\n7 rue de la Frigoule, 34380 Saint-Martin-de-Londres\n<h6>Une carte Google Maps est int\u00e9gr\u00e9e au site pour vous guider facilement.<\/h6>\n<h4>\ud83d\ude97 En voiture<\/h4>\n<h6>C\u2019est le moyen le plus simple pour venir chez nous.<\/h6>\nLe Clos des Elfes est accessible en :\n\n&#8211; 40 \u00e0 45 minutes depuis Montpellier centre, par Saint-G\u00e9ly-du-Fesc ou la route de Ganges.\n\n&#8211; 45 minutes depuis l\u2019a\u00e9roport Montpellier-M\u00e9diterran\u00e9e.\n\nUn parking gratuit est disponible sur place pour tous nos visiteurs.\n\n&nbsp;\n<p><br><h4>\ud83d\ude85 En train<\/h4>\n<h6>Deux gares sont accessibles depuis toute la France :<\/h6>\n&#8211; Montpellier Saint-Roch (en centre-ville)\n\n&#8211; Montpellier Sud-de-France (un peu plus excentr\u00e9e)\n\nDans tous les cas, il est fortement recommand\u00e9 de louer une voiture pour rejoindre le\nClos des Elfes. Les transports en commun ne desservent pas efficacement notre coin de\nparadis.\n\nPour les plus malins, sachez que la gare de Baillargues (moins connue) propose un parking gratuit si vous louez une voiture \u00e0 proximit\u00e9.\n\n&nbsp;\n<p><br><h4>\ud83c\udfde\ufe0f Un coin de nature entre gorges et l\u00e9gendes<\/h4>\n<h6>Le Clos des Elfes est entour\u00e9 de tr\u00e9sors naturels \u00e0 explorer :<\/h6>\n&#8211; Le majestueux Pic Saint-Loup\n\n&#8211; Les Gorges de l\u2019H\u00e9rault et les grottes alentours\n\n&#8211; Le Pont du Diable, class\u00e9 \u00e0 l\u2019UNESCO\n\n&#8211; Le village spirituel de Saint-Guilhem-le-D\u00e9sert\n\n&#8211; De nombreuses randonn\u00e9es et circuits nature\n\n&#8211; Et bien s\u00fbr\u2026 des rivi\u00e8res pour se baigner, faire du cano\u00eb, ou simplement se rafra\u00eechir.\n\n&nbsp;\n<p><br><h4>\ud83c\udf77 Exp\u00e9riences autour du Clos<\/h4>\n<h6>Nous organisons des d\u00e9gustations de vin avec nos domaines partenaires, tous en bio ou\nnature.<\/h6>\nSi vous le souhaitez, nous pouvons aussi vous recommander quelques artisans, vignerons\nou cr\u00e9ateurs locaux.\n\n&nbsp;\n<p><br><h4>\u2728 Un lieu magique, facile \u00e0 trouver\u2026 et impossible \u00e0 oublier<\/h4>\n<h6>Ici, tout commence par une parenth\u00e8se enchant\u00e9e.<\/h6>\nQue vous veniez pour vous reposer, cr\u00e9er, apprendre ou c\u00e9l\u00e9brer, notre porte est ouverte \u00e0\nceux qui cherchent un lieu vibrant, apaisant, et profond\u00e9ment humain. Mais au-del\u00e0 de mon m\u00e9tier, ce que j\u2019aime profond\u00e9ment, c\u2019est accueillir, prendre soin, offrir un espace o\u00f9 l\u2019on peut se reconnecter \u00e0 soi, aux autres, et \u00e0 la nature.\t\t\t\t\t\t\t\t<\/div>\n\t\t\t\t<div class=\"elementor-element elementor-element-9c3e407 elementor-widget elementor-widget-spacer\" data-id=\"9c3e407\" data-element_type=\"widget\" data-e-type=\"widget\" data-widget_type=\"spacer.default\">\n\t\t\t\t\t\t\t<div class=\"elementor-spacer\">\n\t\t\t<div class=\"elementor-spacer-inner\"><\/div>\n\t\t<\/div>\n\t\t\t\t\t\t<\/div>\n\t\t\t\t\t<\/div>\n\t\t\t\t<\/div>\n\t\t\t\t<\/div>\n\t\t","protected":false},"excerpt":{"rendered":"<p>O\u00f9 nous trouver \u2013 Le Clos des Elfes \ud83c\udf0d Adresse exacte 7 rue de la Frigoule, 34380 Saint-Martin-de-Londres Une carte Google Maps est int\u00e9gr\u00e9e au site pour vous guider facilement. [&hellip;]<\/p>\n","protected":false},"author":1,"featured_media":0,"parent":0,"menu_order":0,"comment_status":"closed","ping_status":"closed","template":"elementor_header_footer","meta":{"ocean_post_layout":"","ocean_both_sidebars_style":"","ocean_both_sidebars_content_width":0,"ocean_both_sidebars_sidebars_width":0,"ocean_sidebar":"","ocean_second_sidebar":"","ocean_disable_margins":"enable","ocean_add_body_class":"","ocean_shortcode_before_top_bar":"","ocean_shortcode_after_top_bar":"","ocean_shortcode_before_header":"","ocean_shortcode_after_header":"","ocean_has_shortcode":"","ocean_shortcode_after_title":"","ocean_shortcode_before_footer_widgets":"","ocean_shortcode_after_footer_widgets":"","ocean_shortcode_before_footer_bottom":"","ocean_shortcode_after_footer_bottom":"","ocean_display_top_bar":"default","ocean_display_header":"default","ocean_header_style":"","ocean_center_header_left_menu":"","ocean_custom_header_template":"","ocean_custom_logo":0,"ocean_custom_retina_logo":0,"ocean_custom_logo_max_width":0,"ocean_custom_logo_tablet_max_width":0,"ocean_custom_logo_mobile_max_width":0,"ocean_custom_logo_max_height":0,"ocean_custom_logo_tablet_max_height":0,"ocean_custom_logo_mobile_max_height":0,"ocean_header_custom_menu":"","ocean_menu_typo_font_family":"","ocean_menu_typo_font_subset":"","ocean_menu_typo_font_size":0,"ocean_menu_typo_font_size_tablet":0,"ocean_menu_typo_font_size_mobile":0,"ocean_menu_typo_font_size_unit":"px","ocean_menu_typo_font_weight":"","ocean_menu_typo_font_weight_tablet":"","ocean_menu_typo_font_weight_mobile":"","ocean_menu_typo_transform":"","ocean_menu_typo_transform_tablet":"","ocean_menu_typo_transform_mobile":"","ocean_menu_typo_line_height":0,"ocean_menu_typo_line_height_tablet":0,"ocean_menu_typo_line_height_mobile":0,"ocean_menu_typo_line_height_unit":"","ocean_menu_typo_spacing":0,"ocean_menu_typo_spacing_tablet":0,"ocean_menu_typo_spacing_mobile":0,"ocean_menu_typo_spacing_unit":"","ocean_menu_link_color":"","ocean_menu_link_color_hover":"","ocean_menu_link_color_active":"","ocean_menu_link_background":"","ocean_menu_link_hover_background":"","ocean_menu_link_active_background":"","ocean_menu_social_links_bg":"","ocean_menu_social_hover_links_bg":"","ocean_menu_social_links_color":"","ocean_menu_social_hover_links_color":"","ocean_disable_title":"default","ocean_disable_heading":"default","ocean_post_title":"","ocean_post_subheading":"","ocean_post_title_style":"","ocean_post_title_background_color":"","ocean_post_title_background":0,"ocean_post_title_bg_image_position":"","ocean_post_title_bg_image_attachment":"","ocean_post_title_bg_image_repeat":"","ocean_post_title_bg_image_size":"","ocean_post_title_height":0,"ocean_post_title_bg_overlay":0.5,"ocean_post_title_bg_overlay_color":"","ocean_disable_breadcrumbs":"default","ocean_breadcrumbs_color":"","ocean_breadcrumbs_separator_color":"","ocean_breadcrumbs_links_color":"","ocean_breadcrumbs_links_hover_color":"","ocean_display_footer_widgets":"default","ocean_display_footer_bottom":"default","ocean_custom_footer_template":"","footnotes":""},"class_list":["post-957","page","type-page","status-publish","hentry","entry"],"_links":{"self":[{"href":"https:\/\/leclosdeselfes34.com\/fr\/wp-json\/wp\/v2\/pages\/957","targetHints":{"allow":["GET"]}}],"collection":[{"href":"https:\/\/leclosdeselfes34.com\/fr\/wp-json\/wp\/v2\/pages"}],"about":[{"href":"https:\/\/leclosdeselfes34.com\/fr\/wp-json\/wp\/v2\/types\/page"}],"author":[{"embeddable":true,"href":"https:\/\/leclosdeselfes34.com\/fr\/wp-json\/wp\/v2\/users\/1"}],"replies":[{"embeddable":true,"href":"https:\/\/leclosdeselfes34.com\/fr\/wp-json\/wp\/v2\/comments?post=957"}],"version-history":[{"count":19,"href":"https:\/\/leclosdeselfes34.com\/fr\/wp-json\/wp\/v2\/pages\/957\/revisions"}],"predecessor-version":[{"id":1476,"href":"https:\/\/leclosdeselfes34.com\/fr\/wp-json\/wp\/v2\/pages\/957\/revisions\/1476"}],"wp:attachment":[{"href":"https:\/\/leclosdeselfes34.com\/fr\/wp-json\/wp\/v2\/media?parent=957"}],"curies":[{"name":"wp","href":"https:\/\/api.w.org\/{rel}","templated":true}]}}