{"id":157,"date":"2025-07-16T16:39:44","date_gmt":"2025-07-16T16:39:44","guid":{"rendered":"https:\/\/leclosdeselfes34.com\/?page_id=157"},"modified":"2026-02-10T13:56:24","modified_gmt":"2026-02-10T13:56:24","slug":"accueil","status":"publish","type":"page","link":"https:\/\/leclosdeselfes34.com\/fr\/","title":{"rendered":"Accueil"},"content":{"rendered":"\t\t<div data-elementor-type=\"wp-page\" data-elementor-id=\"157\" class=\"elementor elementor-157\">\n\t\t\t\t<div class=\"elementor-element elementor-element-ced4da7 e-flex e-con-boxed e-con e-parent\" data-id=\"ced4da7\" data-element_type=\"container\" data-e-type=\"container\" data-settings=\"{&quot;background_background&quot;:&quot;gradient&quot;,&quot;animation&quot;:&quot;none&quot;}\">\n\t\t\t\t\t<div class=\"e-con-inner\">\n\t\t\t\t<div class=\"elementor-element elementor-element-8b6b1e2 elementor-widget elementor-widget-spacer\" data-id=\"8b6b1e2\" data-element_type=\"widget\" data-e-type=\"widget\" data-widget_type=\"spacer.default\">\n\t\t\t\t\t\t\t<div class=\"elementor-spacer\">\n\t\t\t<div class=\"elementor-spacer-inner\"><\/div>\n\t\t<\/div>\n\t\t\t\t\t\t<\/div>\n\t\t\t\t<div class=\"elementor-element elementor-element-ed3f051 elementor-invisible elementor-widget elementor-widget-heading\" data-id=\"ed3f051\" data-element_type=\"widget\" data-e-type=\"widget\" data-settings=\"{&quot;_animation&quot;:&quot;fadeInDown&quot;}\" data-widget_type=\"heading.default\">\n\t\t\t\t\t<h1 class=\"elementor-heading-title elementor-size-default\">Bienvenue au Clos des Elfes<\/h1>\t\t\t\t<\/div>\n\t\t\t\t<div class=\"elementor-element elementor-element-9c3e407 elementor-widget elementor-widget-spacer\" data-id=\"9c3e407\" data-element_type=\"widget\" data-e-type=\"widget\" data-widget_type=\"spacer.default\">\n\t\t\t\t\t\t\t<div class=\"elementor-spacer\">\n\t\t\t<div class=\"elementor-spacer-inner\"><\/div>\n\t\t<\/div>\n\t\t\t\t\t\t<\/div>\n\t\t<div class=\"elementor-element elementor-element-f6615e2 e-grid e-con-full e-con e-child\" data-id=\"f6615e2\" data-element_type=\"container\" data-e-type=\"container\">\n\t\t\t\t<div class=\"elementor-element elementor-element-4715a1b elementor-widget__width-inherit elementor-invisible elementor-widget elementor-widget-text-editor\" data-id=\"4715a1b\" data-element_type=\"widget\" data-e-type=\"widget\" data-settings=\"{&quot;_animation&quot;:&quot;fadeInLeft&quot;}\" data-widget_type=\"text-editor.default\">\n\t\t\t\t\t\t\t\t\t<h2><strong style=\"color: #2c5d75;\">Un lieu vivant, apaisant et enchant\u00e9<\/strong><\/h2>\n<h5>Nich\u00e9e au pied du Pic Saint-Loup, ma maison vous accueille toute l&rsquo;ann\u00e9e dans une atmosph\u00e8re chaleureuse, simple et inspirante.<\/h5>\n<h5>Ici, vous n&rsquo;\u00eates pas dans un h\u00f4tel impersonnel: vous \u00eates chez moi, Sandrine, dans un lieu que j&rsquo;ai voulu authentique, humain et magique.<\/h5>\n<h5>Le Clos des Elfes est un espace hybride et vivant, entre gites et \u00e9v\u00e9nements priv\u00e9s.<\/h5>\n<h5>Chaque recoin est pens\u00e9 pour que vous puissiez vous poser, respirer, go\u00fbter, apprendre, c\u00e9l\u00e9brer&#8230;et vous reconnecter \u00e0 l\u2019essentiel.<\/h5>\t\t\t\t\t\t\t\t<\/div>\n\t\t\t\t<div class=\"elementor-element elementor-element-2dd7630 elementor-widget__width-initial elementor-invisible elementor-widget elementor-widget-image\" data-id=\"2dd7630\" data-element_type=\"widget\" data-e-type=\"widget\" data-settings=\"{&quot;_animation&quot;:&quot;fadeInRight&quot;}\" data-widget_type=\"image.default\">\n\t\t\t\t\t\t\t\t\t\t\t\t\t\t\t<img fetchpriority=\"high\" decoding=\"async\" width=\"967\" height=\"718\" src=\"https:\/\/leclosdeselfes34.com\/wp-content\/uploads\/2025\/07\/14-1.webp\" class=\"attachment-large size-large wp-image-376\" alt=\"Gandalf\" srcset=\"https:\/\/leclosdeselfes34.com\/wp-content\/uploads\/2025\/07\/14-1.webp 967w, https:\/\/leclosdeselfes34.com\/wp-content\/uploads\/2025\/07\/14-1-300x223.webp 300w, https:\/\/leclosdeselfes34.com\/wp-content\/uploads\/2025\/07\/14-1-768x570.webp 768w\" sizes=\"(max-width: 967px) 100vw, 967px\" \/>\t\t\t\t\t\t\t\t\t\t\t\t\t\t\t<\/div>\n\t\t\t\t<\/div>\n\t\t\t\t<div class=\"elementor-element elementor-element-2ec229d elementor-widget elementor-widget-spacer\" data-id=\"2ec229d\" data-element_type=\"widget\" data-e-type=\"widget\" data-widget_type=\"spacer.default\">\n\t\t\t\t\t\t\t<div class=\"elementor-spacer\">\n\t\t\t<div class=\"elementor-spacer-inner\"><\/div>\n\t\t<\/div>\n\t\t\t\t\t\t<\/div>\n\t\t<div class=\"elementor-element elementor-element-681a0e9 e-grid e-con-full e-con e-child\" data-id=\"681a0e9\" data-element_type=\"container\" data-e-type=\"container\">\n\t\t\t\t<div class=\"elementor-element elementor-element-897b305 elementor-invisible elementor-widget elementor-widget-image\" data-id=\"897b305\" data-element_type=\"widget\" data-e-type=\"widget\" data-settings=\"{&quot;_animation&quot;:&quot;fadeInLeft&quot;}\" data-widget_type=\"image.default\">\n\t\t\t\t\t\t\t\t\t\t\t\t\t\t\t<img decoding=\"async\" width=\"959\" height=\"718\" src=\"https:\/\/leclosdeselfes34.com\/wp-content\/uploads\/2025\/07\/15.webp\" class=\"attachment-large size-large wp-image-360\" alt=\"Legolas\" srcset=\"https:\/\/leclosdeselfes34.com\/wp-content\/uploads\/2025\/07\/15.webp 959w, https:\/\/leclosdeselfes34.com\/wp-content\/uploads\/2025\/07\/15-300x225.webp 300w, https:\/\/leclosdeselfes34.com\/wp-content\/uploads\/2025\/07\/15-768x575.webp 768w\" sizes=\"(max-width: 959px) 100vw, 959px\" \/>\t\t\t\t\t\t\t\t\t\t\t\t\t\t\t<\/div>\n\t\t\t\t<div class=\"elementor-element elementor-element-69176d3 elementor-widget__width-inherit elementor-invisible elementor-widget elementor-widget-text-editor\" data-id=\"69176d3\" data-element_type=\"widget\" data-e-type=\"widget\" data-settings=\"{&quot;_animation&quot;:&quot;fadeInRight&quot;}\" data-widget_type=\"text-editor.default\">\n\t\t\t\t\t\t\t\t\t<h2><strong style=\"color: #2c5d75;\">Dormir au Clos des Elfes<\/strong><\/h2>\nTrois cocons ind\u00e9pendants vous attendent, chacun avec son ambiance :\n\n<p><br>&#8211; Legolas \u2013 Bulle de d\u00e9tente avec jacuzzi privatif\n\n<p><br>&#8211; Galadriel \u2013 Cocon sous les ch\u00eanes avec jacuzzi privatif\n\n<p><br>&#8211; Gandalf \u2013 Une suite perch\u00e9e avec vue sur le Pic Saint-Loup\n\n\n<p> <br><!-- Bouton align\u00e9 au milieu -->\n    <div class=\"btn-container\">\n      <a href=\"https:\/\/leclosdeselfes34.com\/fr\/formulaire-sejour\/\" target=\"_blank\" class=\"btn-inscrire\">\u00c0 d\u00e9couvrir ici<\/a>\n<!-- Style -->\n<style>\n  .btn-container {\n    text-align: center; \/* Aligne le bouton \u00e0 gauche *\/\n    margin-top: 10px;\n  }\n\n  .btn-inscrire {\n    display: inline-block;\n    padding: 10px 20px;\n    background-color: #16422B;\n    color: white;\n    text-decoration: none;\n    border-radius: 8px;\n    transition: background 0.3s ease;\n  }\n\n  .btn-inscrire:hover {\n    background-color: #16422B; \/* un peu plus fonc\u00e9 au survol *\/\n  }\n<\/style>\n    <\/div>\t\t\t\t\t\t\t\t<\/div>\n\t\t\t\t<\/div>\n\t\t\t\t<div class=\"elementor-element elementor-element-b7da1f6 elementor-widget elementor-widget-spacer\" data-id=\"b7da1f6\" data-element_type=\"widget\" data-e-type=\"widget\" data-widget_type=\"spacer.default\">\n\t\t\t\t\t\t\t<div class=\"elementor-spacer\">\n\t\t\t<div class=\"elementor-spacer-inner\"><\/div>\n\t\t<\/div>\n\t\t\t\t\t\t<\/div>\n\t\t\t\t<div class=\"elementor-element elementor-element-74cc5ac elementor-widget elementor-widget-spacer\" data-id=\"74cc5ac\" data-element_type=\"widget\" data-e-type=\"widget\" data-widget_type=\"spacer.default\">\n\t\t\t\t\t\t\t<div class=\"elementor-spacer\">\n\t\t\t<div class=\"elementor-spacer-inner\"><\/div>\n\t\t<\/div>\n\t\t\t\t\t\t<\/div>\n\t\t<div class=\"elementor-element elementor-element-ad80f33 e-grid e-con-full e-con e-child\" data-id=\"ad80f33\" data-element_type=\"container\" data-e-type=\"container\">\n\t\t\t\t<div class=\"elementor-element elementor-element-99e168b elementor-widget__width-inherit elementor-invisible elementor-widget elementor-widget-text-editor\" data-id=\"99e168b\" data-element_type=\"widget\" data-e-type=\"widget\" data-settings=\"{&quot;_animation&quot;:&quot;fadeInRight&quot;}\" data-widget_type=\"text-editor.default\">\n\t\t\t\t\t\t\t\t\t<h2><strong style=\"color: #2c5d75;\">C\u00e9l\u00e9brer et se retrouver<\/strong><\/h2>\nQue ce soit pour :\n\n&#8211; Un anniversaire, une demande en mariage, un bapt\u00eame\n\n&#8211; Un s\u00e9minaire d\u2019entreprise, une formation ou une retraite de yoga\n\n&#8211; Ou simplement un moment entre amis\n\nNous vous accueillons dans un cadre intimiste, \u00e0 taille humaine (jusqu\u2019\u00e0 19 personnes), avec service complet et attention sur-mesure.\n\n<!-- Bouton align\u00e9 au milieu -->\n<div class=\"btn-container\"><a class=\"btn-inscrire\" href=\"https:\/\/leclosdeselfes34.com\/formulaire-evenement\" target=\"_blank\" rel=\"noopener\">Voir nos formules<\/a>\n<!-- Style --> <style>\n  .btn-container {<br \/>\n    text-align: center; \/* Aligne le bouton \u00e0 gauche *\/<br \/>\n    margin-top: 10px;<br \/>\n  }<\/p>\n<p>  .btn-inscrire {<br \/>\n    display: inline-block;<br \/>\n    padding: 10px 20px;<br \/>\n    background-color: #16422B;<br \/>\n    color: white;<br \/>\n    text-decoration: none;<br \/>\n    border-radius: 8px;<br \/>\n    transition: background 0.3s ease;<br \/>\n  }<\/p>\n<p>  .btn-inscrire:hover {<br \/>\n    background-color: #16422B; \/* un peu plus fonc\u00e9 au survol *\/<br \/>\n  }<br \/>\n<\/style><\/div>\t\t\t\t\t\t\t\t<\/div>\n\t\t\t\t<div class=\"elementor-element elementor-element-62f3a20 elementor-invisible elementor-widget elementor-widget-image\" data-id=\"62f3a20\" data-element_type=\"widget\" data-e-type=\"widget\" data-settings=\"{&quot;_animation&quot;:&quot;fadeInLeft&quot;}\" data-widget_type=\"image.default\">\n\t\t\t\t\t\t\t\t\t\t\t\t\t\t\t<img decoding=\"async\" width=\"960\" height=\"720\" src=\"https:\/\/leclosdeselfes34.com\/wp-content\/uploads\/2025\/07\/12.webp\" class=\"attachment-large size-large wp-image-363\" alt=\"Legolas\" srcset=\"https:\/\/leclosdeselfes34.com\/wp-content\/uploads\/2025\/07\/12.webp 960w, https:\/\/leclosdeselfes34.com\/wp-content\/uploads\/2025\/07\/12-300x225.webp 300w, https:\/\/leclosdeselfes34.com\/wp-content\/uploads\/2025\/07\/12-768x576.webp 768w\" sizes=\"(max-width: 960px) 100vw, 960px\" \/>\t\t\t\t\t\t\t\t\t\t\t\t\t\t\t<\/div>\n\t\t\t\t<\/div>\n\t\t\t\t<div class=\"elementor-element elementor-element-4526a07 elementor-widget elementor-widget-spacer\" data-id=\"4526a07\" data-element_type=\"widget\" data-e-type=\"widget\" data-widget_type=\"spacer.default\">\n\t\t\t\t\t\t\t<div class=\"elementor-spacer\">\n\t\t\t<div class=\"elementor-spacer-inner\"><\/div>\n\t\t<\/div>\n\t\t\t\t\t\t<\/div>\n\t\t<div class=\"elementor-element elementor-element-7be0df0 e-grid e-con-full e-con e-child\" data-id=\"7be0df0\" data-element_type=\"container\" data-e-type=\"container\">\n\t\t\t\t<div class=\"elementor-element elementor-element-5368a95 elementor-invisible elementor-widget elementor-widget-image\" data-id=\"5368a95\" data-element_type=\"widget\" data-e-type=\"widget\" data-settings=\"{&quot;_animation&quot;:&quot;fadeInRight&quot;}\" data-widget_type=\"image.default\">\n\t\t\t\t\t\t\t\t\t\t\t\t\t\t\t<img loading=\"lazy\" decoding=\"async\" width=\"958\" height=\"719\" src=\"https:\/\/leclosdeselfes34.com\/wp-content\/uploads\/2025\/07\/5.webp\" class=\"attachment-large size-large wp-image-370\" alt=\"Legolas\" srcset=\"https:\/\/leclosdeselfes34.com\/wp-content\/uploads\/2025\/07\/5.webp 958w, https:\/\/leclosdeselfes34.com\/wp-content\/uploads\/2025\/07\/5-300x225.webp 300w, https:\/\/leclosdeselfes34.com\/wp-content\/uploads\/2025\/07\/5-768x576.webp 768w\" sizes=\"(max-width: 958px) 100vw, 958px\" \/>\t\t\t\t\t\t\t\t\t\t\t\t\t\t\t<\/div>\n\t\t\t\t<div class=\"elementor-element elementor-element-dd59dbd elementor-widget__width-inherit elementor-invisible elementor-widget elementor-widget-text-editor\" data-id=\"dd59dbd\" data-element_type=\"widget\" data-e-type=\"widget\" data-settings=\"{&quot;_animation&quot;:&quot;fadeInLeft&quot;}\" data-widget_type=\"text-editor.default\">\n\t\t\t\t\t\t\t\t\t<h2><strong style=\"color: #2c5d75;\">Et derri\u00e8re ce lieu&#8230;<\/strong><\/h2>\nIl y a Sandrine, \u0153nologue, accueillante, connect\u00e9e.\nJe vis ici, et j&rsquo;ai \u00e0 coeur de faire du Clos des Elfes un lieu qui vous fait du bien.\n\n<!-- Bouton align\u00e9 au milieu -->\n<div class=\"btn-container\"><a class=\"btn-inscrire\" href=\"https:\/\/leclosdeselfes34.com\/fr\/notrehistoire\/\" target=\"_blank\" rel=\"noopener\">D\u00e9couvrez notre histoire<\/a>\n<!-- Style --> <style>\n  .btn-container {<br \/>    text-align: center; \/* Aligne le bouton \u00e0 gauche *\/<br \/>    margin-top: 10px;<br \/>  }<\/p>\n<p>  .btn-inscrire {<br \/>    display: inline-block;<br \/>    padding: 10px 20px;<br \/>    background-color: #16422B;<br \/>    color: white;<br \/>    text-decoration: none;<br \/>    border-radius: 8px;<br \/>    transition: background 0.3s ease;<br \/>  }<\/p>\n<p>  .btn-inscrire:hover {<br \/>    background-color: #16422B; \/* un peu plus fonc\u00e9 au survol *\/<br \/>  }<br \/><\/style><\/div>\t\t\t\t\t\t\t\t<\/div>\n\t\t\t\t<\/div>\n\t\t\t\t<div class=\"elementor-element elementor-element-66bda2f elementor-widget elementor-widget-spacer\" data-id=\"66bda2f\" data-element_type=\"widget\" data-e-type=\"widget\" data-widget_type=\"spacer.default\">\n\t\t\t\t\t\t\t<div class=\"elementor-spacer\">\n\t\t\t<div class=\"elementor-spacer-inner\"><\/div>\n\t\t<\/div>\n\t\t\t\t\t\t<\/div>\n\t\t\t\t<div class=\"elementor-element elementor-element-1bcb573 elementor-invisible elementor-widget elementor-widget-heading\" data-id=\"1bcb573\" data-element_type=\"widget\" data-e-type=\"widget\" data-settings=\"{&quot;_animation&quot;:&quot;fadeInDown&quot;}\" data-widget_type=\"heading.default\">\n\t\t\t\t\t<h1 class=\"elementor-heading-title elementor-size-default\">Rejoignez-moi sur<\/h1>\t\t\t\t<\/div>\n\t\t\t\t<div class=\"elementor-element elementor-element-99fd935 elementor-invisible elementor-widget elementor-widget-html\" data-id=\"99fd935\" data-element_type=\"widget\" data-e-type=\"widget\" data-settings=\"{&quot;_animation&quot;:&quot;fadeInDown&quot;}\" data-widget_type=\"html.default\">\n\t\t\t\t\t<a href=\"https:\/\/www.instagram.com\/leclosdeselfes34\/\" target=\"_blank\" rel=\"noopener noreferrer\" aria-label=\"Voir notre profil Instagram (ouvre dans un nouvel onglet)\">\r\n  <img loading=\"lazy\" decoding=\"async\" src=\"https:\/\/leclosdeselfes34.com\/wp-content\/uploads\/2025\/09\/instagram-logo-2.png\" alt=\"Instagram\" width=\"150\" height=\"150\" style=\"display:inline-block; vertical-align:middle;\">\r\n<\/a>\r\n\t\t\t\t<\/div>\n\t\t\t\t<div class=\"elementor-element elementor-element-6a5a33c elementor-widget elementor-widget-spacer\" data-id=\"6a5a33c\" data-element_type=\"widget\" data-e-type=\"widget\" data-widget_type=\"spacer.default\">\n\t\t\t\t\t\t\t<div class=\"elementor-spacer\">\n\t\t\t<div class=\"elementor-spacer-inner\"><\/div>\n\t\t<\/div>\n\t\t\t\t\t\t<\/div>\n\t\t\t\t\t<\/div>\n\t\t\t\t<\/div>\n\t\t\t\t<\/div>\n\t\t","protected":false},"excerpt":{"rendered":"<p>Bienvenue au Clos des Elfes Un lieu vivant, apaisant et enchant\u00e9 Nich\u00e9e au pied du Pic Saint-Loup, ma maison vous accueille toute l&rsquo;ann\u00e9e dans une atmosph\u00e8re chaleureuse, simple et inspirante. [&hellip;]<\/p>\n","protected":false},"author":1,"featured_media":0,"parent":0,"menu_order":0,"comment_status":"closed","ping_status":"closed","template":"elementor_header_footer","meta":{"ocean_post_layout":"","ocean_both_sidebars_style":"","ocean_both_sidebars_content_width":0,"ocean_both_sidebars_sidebars_width":0,"ocean_sidebar":"","ocean_second_sidebar":"","ocean_disable_margins":"enable","ocean_add_body_class":"","ocean_shortcode_before_top_bar":"","ocean_shortcode_after_top_bar":"","ocean_shortcode_before_header":"","ocean_shortcode_after_header":"","ocean_has_shortcode":"","ocean_shortcode_after_title":"","ocean_shortcode_before_footer_widgets":"","ocean_shortcode_after_footer_widgets":"","ocean_shortcode_before_footer_bottom":"","ocean_shortcode_after_footer_bottom":"","ocean_display_top_bar":"default","ocean_display_header":"default","ocean_header_style":"","ocean_center_header_left_menu":"","ocean_custom_header_template":"","ocean_custom_logo":0,"ocean_custom_retina_logo":0,"ocean_custom_logo_max_width":0,"ocean_custom_logo_tablet_max_width":0,"ocean_custom_logo_mobile_max_width":0,"ocean_custom_logo_max_height":0,"ocean_custom_logo_tablet_max_height":0,"ocean_custom_logo_mobile_max_height":0,"ocean_header_custom_menu":"","ocean_menu_typo_font_family":"","ocean_menu_typo_font_subset":"","ocean_menu_typo_font_size":0,"ocean_menu_typo_font_size_tablet":0,"ocean_menu_typo_font_size_mobile":0,"ocean_menu_typo_font_size_unit":"px","ocean_menu_typo_font_weight":"","ocean_menu_typo_font_weight_tablet":"","ocean_menu_typo_font_weight_mobile":"","ocean_menu_typo_transform":"","ocean_menu_typo_transform_tablet":"","ocean_menu_typo_transform_mobile":"","ocean_menu_typo_line_height":0,"ocean_menu_typo_line_height_tablet":0,"ocean_menu_typo_line_height_mobile":0,"ocean_menu_typo_line_height_unit":"","ocean_menu_typo_spacing":0,"ocean_menu_typo_spacing_tablet":0,"ocean_menu_typo_spacing_mobile":0,"ocean_menu_typo_spacing_unit":"","ocean_menu_link_color":"","ocean_menu_link_color_hover":"","ocean_menu_link_color_active":"","ocean_menu_link_background":"","ocean_menu_link_hover_background":"","ocean_menu_link_active_background":"","ocean_menu_social_links_bg":"","ocean_menu_social_hover_links_bg":"","ocean_menu_social_links_color":"","ocean_menu_social_hover_links_color":"","ocean_disable_title":"default","ocean_disable_heading":"default","ocean_post_title":"","ocean_post_subheading":"","ocean_post_title_style":"","ocean_post_title_background_color":"","ocean_post_title_background":0,"ocean_post_title_bg_image_position":"","ocean_post_title_bg_image_attachment":"","ocean_post_title_bg_image_repeat":"","ocean_post_title_bg_image_size":"","ocean_post_title_height":0,"ocean_post_title_bg_overlay":0.5,"ocean_post_title_bg_overlay_color":"","ocean_disable_breadcrumbs":"default","ocean_breadcrumbs_color":"","ocean_breadcrumbs_separator_color":"","ocean_breadcrumbs_links_color":"","ocean_breadcrumbs_links_hover_color":"","ocean_display_footer_widgets":"default","ocean_display_footer_bottom":"default","ocean_custom_footer_template":"","footnotes":""},"class_list":["post-157","page","type-page","status-publish","hentry","entry"],"_links":{"self":[{"href":"https:\/\/leclosdeselfes34.com\/fr\/wp-json\/wp\/v2\/pages\/157","targetHints":{"allow":["GET"]}}],"collection":[{"href":"https:\/\/leclosdeselfes34.com\/fr\/wp-json\/wp\/v2\/pages"}],"about":[{"href":"https:\/\/leclosdeselfes34.com\/fr\/wp-json\/wp\/v2\/types\/page"}],"author":[{"embeddable":true,"href":"https:\/\/leclosdeselfes34.com\/fr\/wp-json\/wp\/v2\/users\/1"}],"replies":[{"embeddable":true,"href":"https:\/\/leclosdeselfes34.com\/fr\/wp-json\/wp\/v2\/comments?post=157"}],"version-history":[{"count":218,"href":"https:\/\/leclosdeselfes34.com\/fr\/wp-json\/wp\/v2\/pages\/157\/revisions"}],"predecessor-version":[{"id":1682,"href":"https:\/\/leclosdeselfes34.com\/fr\/wp-json\/wp\/v2\/pages\/157\/revisions\/1682"}],"wp:attachment":[{"href":"https:\/\/leclosdeselfes34.com\/fr\/wp-json\/wp\/v2\/media?parent=157"}],"curies":[{"name":"wp","href":"https:\/\/api.w.org\/{rel}","templated":true}]}}