{"id":1127,"date":"2025-07-25T21:42:36","date_gmt":"2025-07-25T21:42:36","guid":{"rendered":"https:\/\/leclosdeselfes34.com\/?page_id=1127"},"modified":"2026-02-10T14:23:08","modified_gmt":"2026-02-10T14:23:08","slug":"reserver","status":"publish","type":"page","link":"https:\/\/leclosdeselfes34.com\/fr\/reserver\/","title":{"rendered":"R\u00e9server"},"content":{"rendered":"\t\t<div data-elementor-type=\"wp-page\" data-elementor-id=\"1127\" class=\"elementor elementor-1127\">\n\t\t\t\t<div class=\"elementor-element elementor-element-ced4da7 e-flex e-con-boxed e-con e-parent\" data-id=\"ced4da7\" data-element_type=\"container\" data-e-type=\"container\" data-settings=\"{&quot;background_background&quot;:&quot;gradient&quot;,&quot;animation&quot;:&quot;none&quot;}\">\n\t\t\t\t\t<div class=\"e-con-inner\">\n\t\t\t\t<div class=\"elementor-element elementor-element-820fa89 elementor-widget elementor-widget-spacer\" data-id=\"820fa89\" data-element_type=\"widget\" data-e-type=\"widget\" data-widget_type=\"spacer.default\">\n\t\t\t\t\t\t\t<div class=\"elementor-spacer\">\n\t\t\t<div class=\"elementor-spacer-inner\"><\/div>\n\t\t<\/div>\n\t\t\t\t\t\t<\/div>\n\t\t\t\t<div class=\"elementor-element elementor-element-4e05627 elementor-invisible elementor-widget elementor-widget-heading\" data-id=\"4e05627\" data-element_type=\"widget\" data-e-type=\"widget\" data-settings=\"{&quot;_animation&quot;:&quot;fadeInLeft&quot;}\" data-widget_type=\"heading.default\">\n\t\t\t\t\t<h1 class=\"elementor-heading-title elementor-size-default\">\ud83d\udcc6 R\u00e9server votre exp\u00e9rience au Clos des Elfes<\/h1>\t\t\t\t<\/div>\n\t\t\t\t<div class=\"elementor-element elementor-element-c35bd5f elementor-widget__width-inherit elementor-invisible elementor-widget elementor-widget-text-editor\" data-id=\"c35bd5f\" data-element_type=\"widget\" data-e-type=\"widget\" data-settings=\"{&quot;_animation&quot;:&quot;fadeInRight&quot;}\" data-widget_type=\"text-editor.default\">\n\t\t\t\t\t\t\t\t\t<h6>Bienvenue dans notre espace de r\u00e9servation.<\/h6><h5>Que vous souhaitiez s\u00e9journer dans l\u2019un de nos cocons, partager un repas \u00e0 notre table, ou organiser un \u00e9v\u00e9nement, tout commence ici.<\/h5><p>Nous vous invitons \u00e0 remplir le formulaire correspondant \u00e0 votre demande.<\/p><h6>Nous reviendrons vers vous rapidement pour finaliser la r\u00e9servation.<\/h6>\t\t\t\t\t\t\t\t<\/div>\n\t\t<div class=\"elementor-element elementor-element-765e752 e-con-full e-flex e-con e-child\" data-id=\"765e752\" data-element_type=\"container\" data-e-type=\"container\">\n\t\t<div class=\"elementor-element elementor-element-684c083 e-grid e-con-full e-con e-child\" data-id=\"684c083\" data-element_type=\"container\" data-e-type=\"container\">\n\t\t\t\t<div class=\"elementor-element elementor-element-6aebcb0 elementor-widget__width-inherit elementor-invisible elementor-widget elementor-widget-text-editor\" data-id=\"6aebcb0\" data-element_type=\"widget\" data-e-type=\"widget\" data-settings=\"{&quot;_animation&quot;:&quot;fadeInDown&quot;}\" data-widget_type=\"text-editor.default\">\n\t\t\t\t\t\t\t\t\t<h2><strong style=\"color: #2c5d75;\">1. Dormir au Clos des Elfes<\/strong><\/h2>\n<h5>Trois g\u00eetes intimistes, une atmosph\u00e8re f\u00e9\u00e9rique, un sommeil profond au c\u0153ur de la nature.<\/h5>\n<h5>\u2022 Faites une demande de r\u00e9servation en direct pour b\u00e9n\u00e9ficier d\u2019une\nprestation personnalis\u00e9e via le formulaire ci-dessous<\/h5>\t\t\t\t\t\t\t\t<\/div>\n\t\t\t\t<div class=\"elementor-element elementor-element-2f5f6a5 elementor-widget__width-initial elementor-invisible elementor-widget elementor-widget-text-editor\" data-id=\"2f5f6a5\" data-element_type=\"widget\" data-e-type=\"widget\" data-settings=\"{&quot;_animation&quot;:&quot;fadeInDown&quot;,&quot;_animation_delay&quot;:100}\" data-widget_type=\"text-editor.default\">\n\t\t\t\t\t\t\t\t\t<h2><strong style=\"color: #2c5d75;\">2. R\u00e9server un \u00e9v\u00e9nement ou un s\u00e9minaire<\/strong><\/h2>\n<h5>Vous souhaitez organiser un anniversaire, un repas d\u2019affaire, une soir\u00e9e entre amis, une r\u00e9union d\u2019\u00e9quipe dans un cadre magique et inspirant ?<\/h5>\n<h5>Rendez-vous sur cette <a title=\"L\u2019Atelier des Elfes\" href=\"https:\/\/leclosdeselfes34.com\/atelier\/\">page<\/a> d\u00e9di\u00e9e pour d\u00e9couvrir nos formules =&gt;, ou remplissez\ndirectement ce formulaire<\/h5>\t\t\t\t\t\t\t\t<\/div>\n\t\t\t\t<div class=\"elementor-element elementor-element-9928427 elementor-align-center elementor-invisible elementor-widget elementor-widget-button\" data-id=\"9928427\" data-element_type=\"widget\" data-e-type=\"widget\" data-settings=\"{&quot;_animation&quot;:&quot;bounceIn&quot;,&quot;_animation_delay&quot;:250}\" data-widget_type=\"button.default\">\n\t\t\t\t\t\t\t\t\t\t<a class=\"elementor-button elementor-button-link elementor-size-sm\" href=\"https:\/\/leclosdeselfes34.com\/fr\/formulaire-sejour\/\">\n\t\t\t\t\t\t<span class=\"elementor-button-content-wrapper\">\n\t\t\t\t\t\t\t\t\t<span class=\"elementor-button-text\">Je souhaite s\u00e9journer au Clos des Elfes<\/span>\n\t\t\t\t\t<\/span>\n\t\t\t\t\t<\/a>\n\t\t\t\t\t\t\t\t<\/div>\n\t\t\t\t<div class=\"elementor-element elementor-element-0fe27e7 elementor-align-center elementor-invisible elementor-widget elementor-widget-button\" data-id=\"0fe27e7\" data-element_type=\"widget\" data-e-type=\"widget\" data-settings=\"{&quot;_animation&quot;:&quot;bounceIn&quot;,&quot;_animation_delay&quot;:550}\" data-widget_type=\"button.default\">\n\t\t\t\t\t\t\t\t\t\t<a class=\"elementor-button elementor-button-link elementor-size-sm\" href=\"https:\/\/leclosdeselfes34.com\/fr\/formulaire-evenement\/\">\n\t\t\t\t\t\t<span class=\"elementor-button-content-wrapper\">\n\t\t\t\t\t\t\t\t\t<span class=\"elementor-button-text\">Je souhaite r\u00e9server un \u00e9v\u00e9nement ou un s\u00e9minaire<\/span>\n\t\t\t\t\t<\/span>\n\t\t\t\t\t<\/a>\n\t\t\t\t\t\t\t\t<\/div>\n\t\t\t\t<\/div>\n\t\t\t\t<\/div>\n\t\t<div class=\"elementor-element elementor-element-3fc132b e-con-full e-flex e-con e-child\" data-id=\"3fc132b\" data-element_type=\"container\" data-e-type=\"container\">\n\t\t<div class=\"elementor-element elementor-element-634add3 e-grid e-con-full e-con e-child\" data-id=\"634add3\" data-element_type=\"container\" data-e-type=\"container\">\n\t\t\t\t<div class=\"elementor-element elementor-element-b8835df elementor-widget__width-inherit elementor-invisible elementor-widget elementor-widget-text-editor\" data-id=\"b8835df\" data-element_type=\"widget\" data-e-type=\"widget\" data-settings=\"{&quot;_animation&quot;:&quot;fadeInDown&quot;,&quot;_animation_delay&quot;:200}\" data-widget_type=\"text-editor.default\">\n\t\t\t\t\t\t\t\t\t&nbsp;\n<h5>Par t\u00e9l\u00e9phone : +33 (0)6 15 96 75 32 (Sandrine) ou +33 (0)6 85 82 33 68 (Louisa)<\/h5>\nPasser par nos partenaires Airbnb et Booking.\n<h6>Consulter les disponibilit\u00e9s sur :<\/h6>\n<h6>&#8211; <a href=\"https:\/\/www.airbnb.fr\/rooms\/663827180315393717?_set_bev_on_new_domain=1752930631_EAYTliZjNlNTNjMz&amp;source_impression_id=p3_1752943704_P3xcUfDF6tJqV1Rz\" target=\"_blank\" rel=\"noopener\">Legolas<\/a><\/h6>\n<h6>&#8211; <a href=\"https:\/\/www.airbnb.fr\/rooms\/15854295?_set_bev_on_new_domain=1752930631_EAYTliZjNlNTNjMz&amp;source_impression_id=p3_1752943755_P3VSA7KT1kFBq4Kx\" target=\"_blank\" rel=\"noopener\">Galadriel<\/h6><\/a>\n\n&#8211; <a href=\"https:\/\/www.airbnb.fr\/rooms\/893455007875866434?_set_bev_on_new_domain=1752930631_EAYTliZjNlNTNjMz&amp;source_impression_id=p3_1752943772_P3K9F14fcUWhY4GX\" target=\"_blank\" rel=\"noopener\">Gandalf<\/h6><\/a>\t\t\t\t\t\t\t\t<\/div>\n\t\t\t\t<div class=\"elementor-element elementor-element-3db3040 elementor-widget__width-inherit elementor-invisible elementor-widget elementor-widget-text-editor\" data-id=\"3db3040\" data-element_type=\"widget\" data-e-type=\"widget\" data-settings=\"{&quot;_animation&quot;:&quot;fadeInDown&quot;}\" data-widget_type=\"text-editor.default\">\n\t\t\t\t\t\t\t\t\t&nbsp;\n\nNous vous recontacterons le plus rapidement possible&#8230;\t\t\t\t\t\t\t\t<\/div>\n\t\t\t\t<\/div>\n\t\t\t\t<\/div>\n\t\t\t\t<div class=\"elementor-element elementor-element-b70c67a elementor-widget elementor-widget-spacer\" data-id=\"b70c67a\" data-element_type=\"widget\" data-e-type=\"widget\" data-widget_type=\"spacer.default\">\n\t\t\t\t\t\t\t<div class=\"elementor-spacer\">\n\t\t\t<div class=\"elementor-spacer-inner\"><\/div>\n\t\t<\/div>\n\t\t\t\t\t\t<\/div>\n\t\t\t\t\t<\/div>\n\t\t\t\t<\/div>\n\t\t\t\t<\/div>\n\t\t","protected":false},"excerpt":{"rendered":"<p>\ud83d\udcc6 R\u00e9server votre exp\u00e9rience au Clos des Elfes Bienvenue dans notre espace de r\u00e9servation. Que vous souhaitiez s\u00e9journer dans l\u2019un de nos cocons, partager un repas \u00e0 notre table, ou [&hellip;]<\/p>\n","protected":false},"author":1,"featured_media":0,"parent":0,"menu_order":0,"comment_status":"closed","ping_status":"closed","template":"elementor_header_footer","meta":{"ocean_post_layout":"","ocean_both_sidebars_style":"","ocean_both_sidebars_content_width":0,"ocean_both_sidebars_sidebars_width":0,"ocean_sidebar":"","ocean_second_sidebar":"","ocean_disable_margins":"enable","ocean_add_body_class":"","ocean_shortcode_before_top_bar":"","ocean_shortcode_after_top_bar":"","ocean_shortcode_before_header":"","ocean_shortcode_after_header":"","ocean_has_shortcode":"","ocean_shortcode_after_title":"","ocean_shortcode_before_footer_widgets":"","ocean_shortcode_after_footer_widgets":"","ocean_shortcode_before_footer_bottom":"","ocean_shortcode_after_footer_bottom":"","ocean_display_top_bar":"default","ocean_display_header":"default","ocean_header_style":"","ocean_center_header_left_menu":"","ocean_custom_header_template":"","ocean_custom_logo":0,"ocean_custom_retina_logo":0,"ocean_custom_logo_max_width":0,"ocean_custom_logo_tablet_max_width":0,"ocean_custom_logo_mobile_max_width":0,"ocean_custom_logo_max_height":0,"ocean_custom_logo_tablet_max_height":0,"ocean_custom_logo_mobile_max_height":0,"ocean_header_custom_menu":"","ocean_menu_typo_font_family":"","ocean_menu_typo_font_subset":"","ocean_menu_typo_font_size":0,"ocean_menu_typo_font_size_tablet":0,"ocean_menu_typo_font_size_mobile":0,"ocean_menu_typo_font_size_unit":"px","ocean_menu_typo_font_weight":"","ocean_menu_typo_font_weight_tablet":"","ocean_menu_typo_font_weight_mobile":"","ocean_menu_typo_transform":"","ocean_menu_typo_transform_tablet":"","ocean_menu_typo_transform_mobile":"","ocean_menu_typo_line_height":0,"ocean_menu_typo_line_height_tablet":0,"ocean_menu_typo_line_height_mobile":0,"ocean_menu_typo_line_height_unit":"","ocean_menu_typo_spacing":0,"ocean_menu_typo_spacing_tablet":0,"ocean_menu_typo_spacing_mobile":0,"ocean_menu_typo_spacing_unit":"","ocean_menu_link_color":"","ocean_menu_link_color_hover":"","ocean_menu_link_color_active":"","ocean_menu_link_background":"","ocean_menu_link_hover_background":"","ocean_menu_link_active_background":"","ocean_menu_social_links_bg":"","ocean_menu_social_hover_links_bg":"","ocean_menu_social_links_color":"","ocean_menu_social_hover_links_color":"","ocean_disable_title":"default","ocean_disable_heading":"default","ocean_post_title":"","ocean_post_subheading":"","ocean_post_title_style":"","ocean_post_title_background_color":"","ocean_post_title_background":0,"ocean_post_title_bg_image_position":"","ocean_post_title_bg_image_attachment":"","ocean_post_title_bg_image_repeat":"","ocean_post_title_bg_image_size":"","ocean_post_title_height":0,"ocean_post_title_bg_overlay":0.5,"ocean_post_title_bg_overlay_color":"","ocean_disable_breadcrumbs":"default","ocean_breadcrumbs_color":"","ocean_breadcrumbs_separator_color":"","ocean_breadcrumbs_links_color":"","ocean_breadcrumbs_links_hover_color":"","ocean_display_footer_widgets":"default","ocean_display_footer_bottom":"default","ocean_custom_footer_template":"","footnotes":""},"class_list":["post-1127","page","type-page","status-publish","hentry","entry"],"_links":{"self":[{"href":"https:\/\/leclosdeselfes34.com\/fr\/wp-json\/wp\/v2\/pages\/1127","targetHints":{"allow":["GET"]}}],"collection":[{"href":"https:\/\/leclosdeselfes34.com\/fr\/wp-json\/wp\/v2\/pages"}],"about":[{"href":"https:\/\/leclosdeselfes34.com\/fr\/wp-json\/wp\/v2\/types\/page"}],"author":[{"embeddable":true,"href":"https:\/\/leclosdeselfes34.com\/fr\/wp-json\/wp\/v2\/users\/1"}],"replies":[{"embeddable":true,"href":"https:\/\/leclosdeselfes34.com\/fr\/wp-json\/wp\/v2\/comments?post=1127"}],"version-history":[{"count":155,"href":"https:\/\/leclosdeselfes34.com\/fr\/wp-json\/wp\/v2\/pages\/1127\/revisions"}],"predecessor-version":[{"id":1701,"href":"https:\/\/leclosdeselfes34.com\/fr\/wp-json\/wp\/v2\/pages\/1127\/revisions\/1701"}],"wp:attachment":[{"href":"https:\/\/leclosdeselfes34.com\/fr\/wp-json\/wp\/v2\/media?parent=1127"}],"curies":[{"name":"wp","href":"https:\/\/api.w.org\/{rel}","templated":true}]}}