{"id":1554,"date":"2025-09-23T09:48:36","date_gmt":"2025-09-23T09:48:36","guid":{"rendered":"https:\/\/leclosdeselfes34.com\/?page_id=1554"},"modified":"2025-09-23T09:50:25","modified_gmt":"2025-09-23T09:50:25","slug":"formulaire-repas","status":"publish","type":"page","link":"https:\/\/leclosdeselfes34.com\/en\/formulaire-repas\/","title":{"rendered":"\ud83e\udd42 R\u00e9server une table \u00e0 la Table des Elfes"},"content":{"rendered":"\t\t<div data-elementor-type=\"wp-page\" data-elementor-id=\"1554\" class=\"elementor elementor-1554\">\n\t\t\t\t<div class=\"elementor-element elementor-element-ced4da7 e-flex e-con-boxed e-con e-parent\" data-id=\"ced4da7\" data-element_type=\"container\" data-e-type=\"container\" data-settings=\"{&quot;background_background&quot;:&quot;gradient&quot;,&quot;animation&quot;:&quot;none&quot;}\">\n\t\t\t\t\t<div class=\"e-con-inner\">\n\t\t\t\t<div class=\"elementor-element elementor-element-8b6b1e2 elementor-widget elementor-widget-spacer\" data-id=\"8b6b1e2\" data-element_type=\"widget\" data-e-type=\"widget\" data-widget_type=\"spacer.default\">\n\t\t\t\t\t\t\t<div class=\"elementor-spacer\">\n\t\t\t<div class=\"elementor-spacer-inner\"><\/div>\n\t\t<\/div>\n\t\t\t\t\t\t<\/div>\n\t\t\t\t<div class=\"elementor-element elementor-element-ed3f051 elementor-invisible elementor-widget elementor-widget-heading\" data-id=\"ed3f051\" data-element_type=\"widget\" data-e-type=\"widget\" data-settings=\"{&quot;_animation&quot;:&quot;fadeInDown&quot;}\" data-widget_type=\"heading.default\">\n\t\t\t\t\t<h1 class=\"elementor-heading-title elementor-size-default\">\ud83e\udd42 R\u00e9server une table \u00e0 la Table des Elfes<\/h1>\t\t\t\t<\/div>\n\t\t\t\t<div class=\"elementor-element elementor-element-57cfdce elementor-invisible elementor-widget elementor-widget-html\" data-id=\"57cfdce\" data-element_type=\"widget\" data-e-type=\"widget\" data-settings=\"{&quot;_animation&quot;:&quot;fadeInLeft&quot;}\" data-widget_type=\"html.default\">\n\t\t\t\t\t<style id=\"wpforms-css-vars-928\">\n\t\t\t\t#wpforms-928 {\n\t\t\t\t\n\t\t\t}\n\t\t\t<\/style><div class=\"wpforms-container wpforms-container-full wpforms-render-modern\" id=\"wpforms-928\"><form id=\"wpforms-form-928\" class=\"wpforms-validate wpforms-form wpforms-ajax-form\" data-formid=\"928\" method=\"post\" enctype=\"multipart\/form-data\" action=\"\/en\/wp-json\/wp\/v2\/pages\/1554\" data-token=\"92737fbc1ad7a2693bc5355000227c78\" data-token-time=\"1775399228\"><noscript class=\"wpforms-error-noscript\">Please enable JavaScript in your browser to complete this form.<\/noscript><div id=\"wpforms-error-noscript\" style=\"display: none;\">Please enable JavaScript in your browser to complete this form.<\/div><div class=\"wpforms-field-container\"><div id=\"wpforms-928-field_9-container\" class=\"wpforms-field wpforms-field-text\" data-field-id=\"9\"><label class=\"wpforms-field-label\" for=\"wpforms-928-field_9\">Nom complet <span class=\"wpforms-required-label\" aria-hidden=\"true\">*<\/span><\/label><input type=\"text\" id=\"wpforms-928-field_9\" class=\"wpforms-field-medium wpforms-field-required\" name=\"wpforms[fields][9]\" aria-errormessage=\"wpforms-928-field_9-error\" aria-describedby=\"wpforms-928-field_9-description\" required><div id=\"wpforms-928-field_9-description\" class=\"wpforms-field-description\">Nom + Pr\u00e9nom<\/div><\/div><div id=\"wpforms-928-field_2-container\" class=\"wpforms-field wpforms-field-email\" data-field-id=\"2\"><label class=\"wpforms-field-label\" for=\"wpforms-928-field_2\">Email <span class=\"wpforms-required-label\" aria-hidden=\"true\">*<\/span><\/label><input type=\"email\" id=\"wpforms-928-field_2\" class=\"wpforms-field-small wpforms-field-required\" name=\"wpforms[fields][2]\" spellcheck=\"false\" aria-errormessage=\"wpforms-928-field_2-error\" required><\/div><div id=\"wpforms-928-field_7-container\" class=\"wpforms-field wpforms-field-text\" data-field-id=\"7\"><label class=\"wpforms-field-label\" for=\"wpforms-928-field_7\">Date souhait\u00e9e pour le repas <span class=\"wpforms-required-label\" aria-hidden=\"true\">*<\/span><\/label><input type=\"text\" id=\"wpforms-928-field_7\" class=\"wpforms-field-medium wpforms-field-required\" name=\"wpforms[fields][7]\" aria-errormessage=\"wpforms-928-field_7-error\" aria-describedby=\"wpforms-928-field_7-description\" required><div id=\"wpforms-928-field_7-description\" class=\"wpforms-field-description\">..\/..\/..<\/div><\/div><div id=\"wpforms-928-field_11-container\" class=\"wpforms-field wpforms-field-radio\" data-field-id=\"11\"><fieldset><legend class=\"wpforms-field-label\">Type de repas <span class=\"wpforms-required-label\" aria-hidden=\"true\">*<\/span><\/legend><ul id=\"wpforms-928-field_11\" class=\"wpforms-field-required\"><li class=\"choice-1 depth-1\"><input type=\"radio\" id=\"wpforms-928-field_11_1\" name=\"wpforms[fields][11]\" value=\"Petit-d\u00e9jeuner\" aria-errormessage=\"wpforms-928-field_11_1-error\" required ><label class=\"wpforms-field-label-inline\" for=\"wpforms-928-field_11_1\">Petit-d\u00e9jeuner<\/label><\/li><li class=\"choice-2 depth-1\"><input type=\"radio\" id=\"wpforms-928-field_11_2\" name=\"wpforms[fields][11]\" value=\"D\u00e9jeuner (r\u00e9serv\u00e9 aux h\u00f4tes)\" aria-errormessage=\"wpforms-928-field_11_2-error\" required ><label class=\"wpforms-field-label-inline\" for=\"wpforms-928-field_11_2\">D\u00e9jeuner (r\u00e9serv\u00e9 aux h\u00f4tes)<\/label><\/li><li class=\"choice-3 depth-1\"><input type=\"radio\" id=\"wpforms-928-field_11_3\" name=\"wpforms[fields][11]\" value=\"D\u00eener\" aria-errormessage=\"wpforms-928-field_11_3-error\" required ><label class=\"wpforms-field-label-inline\" for=\"wpforms-928-field_11_3\">D\u00eener<\/label><\/li><\/ul><\/fieldset><\/div><div id=\"wpforms-928-field_13-container\" class=\"wpforms-field wpforms-field-number\" data-field-id=\"13\"><label class=\"wpforms-field-label\" for=\"wpforms-928-field_13\">Nombre de personnes <span class=\"wpforms-required-label\" aria-hidden=\"true\">*<\/span><\/label><input type=\"number\" id=\"wpforms-928-field_13\" class=\"wpforms-field-medium wpforms-field-required\" name=\"wpforms[fields][13]\" step=\"any\" aria-errormessage=\"wpforms-928-field_13-error\" required><\/div><div id=\"wpforms-928-field_14-container\" class=\"wpforms-field wpforms-field-select wpforms-field-select-style-classic\" data-field-id=\"14\"><label class=\"wpforms-field-label\" for=\"wpforms-928-field_14\">\u00cates-vous h\u00e9berg\u00e9 au Clos des Elfes ? <span class=\"wpforms-required-label\" aria-hidden=\"true\">*<\/span><\/label><select id=\"wpforms-928-field_14\" class=\"wpforms-field-medium wpforms-field-required\" name=\"wpforms[fields][14]\" required=\"required\"><option value=\"\" class=\"placeholder\" disabled  selected='selected'>--- S\u00e9lectionner un choix ---<\/option><option value=\"Oui\"  class=\"choice-1 depth-1\"  >Oui<\/option><option value=\"Non\"  class=\"choice-2 depth-1\"  >Non<\/option><\/select><\/div>\t\t<div id=\"wpforms-928-field_1-container\"\n\t\t\tclass=\"wpforms-field wpforms-field-text\"\n\t\t\tdata-field-type=\"text\"\n\t\t\tdata-field-id=\"1\"\n\t\t\t>\n\t\t\t<label class=\"wpforms-field-label\" for=\"wpforms-928-field_1\" >Nombre de souhait\u00e9e<\/label>\n\t\t\t<input type=\"text\" id=\"wpforms-928-field_1\" class=\"wpforms-field-medium\" name=\"wpforms[fields][1]\" >\n\t\t<\/div>\n\t\t<div id=\"wpforms-928-field_15-container\" class=\"wpforms-field wpforms-field-text\" data-field-id=\"15\"><label class=\"wpforms-field-label\" for=\"wpforms-928-field_15\">R\u00e9gimes ou allergies ?<\/label><input type=\"text\" id=\"wpforms-928-field_15\" class=\"wpforms-field-medium\" name=\"wpforms[fields][15]\" aria-errormessage=\"wpforms-928-field_15-error\" ><\/div><div id=\"wpforms-928-field_16-container\" class=\"wpforms-field wpforms-field-textarea\" data-field-id=\"16\"><label class=\"wpforms-field-label\" for=\"wpforms-928-field_16\">Message ou demandes particuli\u00e8res<\/label><textarea id=\"wpforms-928-field_16\" class=\"wpforms-field-medium\" name=\"wpforms[fields][16]\" aria-errormessage=\"wpforms-928-field_16-error\" ><\/textarea><\/div><div id=\"wpforms-928-field_17-container\" class=\"wpforms-field wpforms-field-checkbox\" data-field-id=\"17\"><fieldset><legend class=\"wpforms-field-label\">\u2705Cases \u00e0 cocher <span class=\"wpforms-required-label\" aria-hidden=\"true\">*<\/span><\/legend><ul id=\"wpforms-928-field_17\" class=\"wpforms-field-required\"><li class=\"choice-1 depth-1\"><input type=\"checkbox\" id=\"wpforms-928-field_17_1\" name=\"wpforms[fields][17][]\" value=\"Je r\u00e9serve au moins 24h \u00e0 l\u2019avance comme pr\u00e9cis\u00e9 sur le site (optionnel mais conseill\u00e9)\" aria-errormessage=\"wpforms-928-field_17_1-error\" required ><label class=\"wpforms-field-label-inline\" for=\"wpforms-928-field_17_1\">Je r\u00e9serve au moins 24h \u00e0 l\u2019avance comme pr\u00e9cis\u00e9 sur le site (optionnel mais conseill\u00e9)<\/label><\/li><\/ul><\/fieldset><\/div><script>\n\t\t\t\t( function() {\n\t\t\t\t\tconst style = document.createElement( 'style' );\n\t\t\t\t\tstyle.appendChild( document.createTextNode( '#wpforms-928-field_1-container { position: absolute !important; overflow: hidden !important; display: inline !important; height: 1px !important; width: 1px !important; z-index: -1000 !important; padding: 0 !important; } #wpforms-928-field_1-container input { visibility: hidden; } #wpforms-conversational-form-page #wpforms-928-field_1-container label { counter-increment: none; }' ) );\n\t\t\t\t\tdocument.head.appendChild( style );\n\t\t\t\t\tdocument.currentScript?.remove();\n\t\t\t\t} )();\n\t\t\t<\/script><\/div><!-- .wpforms-field-container --><div class=\"wpforms-submit-container\" ><input type=\"hidden\" name=\"wpforms[id]\" value=\"928\"><input type=\"hidden\" name=\"page_title\" value=\"\"><input type=\"hidden\" name=\"page_url\" value=\"https:\/\/leclosdeselfes34.com\/en\/wp-json\/wp\/v2\/pages\/1554\"><input type=\"hidden\" name=\"url_referer\" value=\"\"><button type=\"submit\" name=\"wpforms[submit]\" id=\"wpforms-submit-928\" class=\"wpforms-submit\" data-alt-text=\"Envoi en cours...\" data-submit-text=\"R\u00e9server ma table\" aria-live=\"assertive\" value=\"wpforms-submit\">R\u00e9server ma table<\/button><img decoding=\"async\" src=\"https:\/\/leclosdeselfes34.com\/wp-content\/plugins\/wpforms-lite\/assets\/images\/submit-spin.svg\" class=\"wpforms-submit-spinner\" style=\"display: none;\" width=\"26\" height=\"26\" alt=\"Loading\"><\/div><\/form><\/div>  <!-- .wpforms-container -->\t\t\t\t<\/div>\n\t\t\t\t<div class=\"elementor-element elementor-element-9c3e407 elementor-widget elementor-widget-spacer\" data-id=\"9c3e407\" data-element_type=\"widget\" data-e-type=\"widget\" data-widget_type=\"spacer.default\">\n\t\t\t\t\t\t\t<div class=\"elementor-spacer\">\n\t\t\t<div class=\"elementor-spacer-inner\"><\/div>\n\t\t<\/div>\n\t\t\t\t\t\t<\/div>\n\t\t\t\t\t<\/div>\n\t\t\t\t<\/div>\n\t\t\t\t<\/div>\n\t\t","protected":false},"excerpt":{"rendered":"<p>\ud83e\udd42 R\u00e9server une table \u00e0 la Table des Elfes<\/p>","protected":false},"author":1,"featured_media":0,"parent":0,"menu_order":0,"comment_status":"closed","ping_status":"closed","template":"elementor_header_footer","meta":{"ocean_post_layout":"","ocean_both_sidebars_style":"","ocean_both_sidebars_content_width":0,"ocean_both_sidebars_sidebars_width":0,"ocean_sidebar":"","ocean_second_sidebar":"","ocean_disable_margins":"enable","ocean_add_body_class":"","ocean_shortcode_before_top_bar":"","ocean_shortcode_after_top_bar":"","ocean_shortcode_before_header":"","ocean_shortcode_after_header":"","ocean_has_shortcode":"","ocean_shortcode_after_title":"","ocean_shortcode_before_footer_widgets":"","ocean_shortcode_after_footer_widgets":"","ocean_shortcode_before_footer_bottom":"","ocean_shortcode_after_footer_bottom":"","ocean_display_top_bar":"default","ocean_display_header":"default","ocean_header_style":"","ocean_center_header_left_menu":"","ocean_custom_header_template":"","ocean_custom_logo":0,"ocean_custom_retina_logo":0,"ocean_custom_logo_max_width":0,"ocean_custom_logo_tablet_max_width":0,"ocean_custom_logo_mobile_max_width":0,"ocean_custom_logo_max_height":0,"ocean_custom_logo_tablet_max_height":0,"ocean_custom_logo_mobile_max_height":0,"ocean_header_custom_menu":"","ocean_menu_typo_font_family":"","ocean_menu_typo_font_subset":"","ocean_menu_typo_font_size":0,"ocean_menu_typo_font_size_tablet":0,"ocean_menu_typo_font_size_mobile":0,"ocean_menu_typo_font_size_unit":"px","ocean_menu_typo_font_weight":"","ocean_menu_typo_font_weight_tablet":"","ocean_menu_typo_font_weight_mobile":"","ocean_menu_typo_transform":"","ocean_menu_typo_transform_tablet":"","ocean_menu_typo_transform_mobile":"","ocean_menu_typo_line_height":0,"ocean_menu_typo_line_height_tablet":0,"ocean_menu_typo_line_height_mobile":0,"ocean_menu_typo_line_height_unit":"","ocean_menu_typo_spacing":0,"ocean_menu_typo_spacing_tablet":0,"ocean_menu_typo_spacing_mobile":0,"ocean_menu_typo_spacing_unit":"","ocean_menu_link_color":"","ocean_menu_link_color_hover":"","ocean_menu_link_color_active":"","ocean_menu_link_background":"","ocean_menu_link_hover_background":"","ocean_menu_link_active_background":"","ocean_menu_social_links_bg":"","ocean_menu_social_hover_links_bg":"","ocean_menu_social_links_color":"","ocean_menu_social_hover_links_color":"","ocean_disable_title":"default","ocean_disable_heading":"default","ocean_post_title":"","ocean_post_subheading":"","ocean_post_title_style":"","ocean_post_title_background_color":"","ocean_post_title_background":0,"ocean_post_title_bg_image_position":"","ocean_post_title_bg_image_attachment":"","ocean_post_title_bg_image_repeat":"","ocean_post_title_bg_image_size":"","ocean_post_title_height":0,"ocean_post_title_bg_overlay":0.5,"ocean_post_title_bg_overlay_color":"","ocean_disable_breadcrumbs":"default","ocean_breadcrumbs_color":"","ocean_breadcrumbs_separator_color":"","ocean_breadcrumbs_links_color":"","ocean_breadcrumbs_links_hover_color":"","ocean_display_footer_widgets":"default","ocean_display_footer_bottom":"default","ocean_custom_footer_template":"","footnotes":""},"class_list":["post-1554","page","type-page","status-publish","hentry","entry"],"_links":{"self":[{"href":"https:\/\/leclosdeselfes34.com\/en\/wp-json\/wp\/v2\/pages\/1554","targetHints":{"allow":["GET"]}}],"collection":[{"href":"https:\/\/leclosdeselfes34.com\/en\/wp-json\/wp\/v2\/pages"}],"about":[{"href":"https:\/\/leclosdeselfes34.com\/en\/wp-json\/wp\/v2\/types\/page"}],"author":[{"embeddable":true,"href":"https:\/\/leclosdeselfes34.com\/en\/wp-json\/wp\/v2\/users\/1"}],"replies":[{"embeddable":true,"href":"https:\/\/leclosdeselfes34.com\/en\/wp-json\/wp\/v2\/comments?post=1554"}],"version-history":[{"count":5,"href":"https:\/\/leclosdeselfes34.com\/en\/wp-json\/wp\/v2\/pages\/1554\/revisions"}],"predecessor-version":[{"id":1561,"href":"https:\/\/leclosdeselfes34.com\/en\/wp-json\/wp\/v2\/pages\/1554\/revisions\/1561"}],"wp:attachment":[{"href":"https:\/\/leclosdeselfes34.com\/en\/wp-json\/wp\/v2\/media?parent=1554"}],"curies":[{"name":"wp","href":"https:\/\/api.w.org\/{rel}","templated":true}]}}